{"id":8,"date":"2026-03-16T10:14:13","date_gmt":"2026-03-16T10:14:13","guid":{"rendered":"http:\/\/circularknitlab.com\/?page_id=8"},"modified":"2026-03-16T18:25:04","modified_gmt":"2026-03-16T18:25:04","slug":"home","status":"publish","type":"page","link":"https:\/\/circularknitlab.com\/","title":{"rendered":"Home"},"content":{"rendered":"\n<h2 class=\"wp-block-heading has-text-align-center has-medium-font-size has-custom-transform has-custom-letterspacing\" style=\"text-transform:capitalize;letter-spacing:1.3px\">R\u00e9parer. R\u00e9inventer. Recycler.<\/h2>\n\n\n\n<hr class=\"wp-block-separator aligncenter has-alpha-channel-opacity\"\/>\n\n\n\n<div class=\"wp-block-columns is-not-stacked-on-mobile is-layout-flex wp-container-core-columns-is-layout-9d6595d7 wp-block-columns-is-layout-flex\">\n<div class=\"wp-block-column is-layout-flow wp-block-column-is-layout-flow\">\n<figure class=\"wp-block-image size-full\"><img fetchpriority=\"high\" decoding=\"async\" width=\"250\" height=\"250\" src=\"http:\/\/circularknitlab.com\/wp-content\/uploads\/2026\/03\/Reparation-pull-laine-3.png\" alt=\"\" class=\"wp-image-81\" srcset=\"https:\/\/circularknitlab.com\/wp-content\/uploads\/2026\/03\/Reparation-pull-laine-3.png 250w, https:\/\/circularknitlab.com\/wp-content\/uploads\/2026\/03\/Reparation-pull-laine-3-150x150.png 150w\" sizes=\"(max-width: 250px) 100vw, 250px\" \/><\/figure>\n<\/div>\n\n\n\n<div class=\"wp-block-column is-layout-flow wp-block-column-is-layout-flow\"><div class=\"wp-block-image\">\n<figure class=\"aligncenter size-full\"><img decoding=\"async\" width=\"250\" height=\"250\" src=\"http:\/\/circularknitlab.com\/wp-content\/uploads\/2026\/03\/pelote-de-laine-2.png\" alt=\"\" class=\"wp-image-80\" srcset=\"https:\/\/circularknitlab.com\/wp-content\/uploads\/2026\/03\/pelote-de-laine-2.png 250w, https:\/\/circularknitlab.com\/wp-content\/uploads\/2026\/03\/pelote-de-laine-2-150x150.png 150w\" sizes=\"(max-width: 250px) 100vw, 250px\" \/><\/figure>\n<\/div><\/div>\n\n\n\n<div class=\"wp-block-column is-layout-flow wp-block-column-is-layout-flow\"><div class=\"wp-block-image\">\n<figure class=\"aligncenter size-full\"><img decoding=\"async\" width=\"250\" height=\"250\" src=\"http:\/\/circularknitlab.com\/wp-content\/uploads\/2026\/03\/recyclage-laine-pull-1.png\" alt=\"\" class=\"wp-image-82\" srcset=\"https:\/\/circularknitlab.com\/wp-content\/uploads\/2026\/03\/recyclage-laine-pull-1.png 250w, https:\/\/circularknitlab.com\/wp-content\/uploads\/2026\/03\/recyclage-laine-pull-1-150x150.png 150w\" sizes=\"(max-width: 250px) 100vw, 250px\" \/><\/figure>\n<\/div><\/div>\n<\/div>\n\n\n\n<div class=\"wp-block-columns is-not-stacked-on-mobile has-medium-font-size is-layout-flex wp-container-core-columns-is-layout-62db62f3 wp-block-columns-is-layout-flex\" style=\"padding-top:0;padding-bottom:0\">\n<div class=\"wp-block-column is-vertically-aligned-center is-layout-flow wp-block-column-is-layout-flow\">\n<p class=\"has-text-align-center\">Fa\u00eetes r\u00e9parer vos pulls<\/p>\n<\/div>\n\n\n\n<div class=\"wp-block-column is-vertically-aligned-center is-layout-flow wp-block-column-is-layout-flow\">\n<p class=\"has-text-align-center\">Tricoteuses partenaires<\/p>\n<\/div>\n\n\n\n<div class=\"wp-block-column is-layout-flow wp-block-column-is-layout-flow\">\n<p class=\"has-text-align-center\">Mode circulaire engag\u00e9e<\/p>\n<\/div>\n<\/div>\n\n\n\n<div class=\"wp-block-group alignfull has-ast-global-color-5-background-color has-background\" id=\"about\" style=\"padding-top:143px;padding-bottom:144px\"><div class=\"wp-block-group__inner-container is-layout-constrained wp-container-core-group-is-layout-fe2c33bb wp-block-group-is-layout-constrained\">\n<div class=\"wp-block-media-text has-media-on-the-right is-stacked-on-mobile is-vertically-aligned-center\"><div class=\"wp-block-media-text__content\">\n<div class=\"wp-block-group\" style=\"padding-right:80px\"><div class=\"wp-block-group__inner-container is-layout-constrained wp-container-core-group-is-layout-4b302186 wp-block-group-is-layout-constrained\">\n<h2 class=\"wp-block-heading\" style=\"padding-right:40px\">We help teams build the business of their dreams<\/h2>\n\n\n\n<p>Et in risus egestas nec vitae odio ac nibh vestibulum volutpat aliquet aenean erat lobortis non.<\/p>\n\n\n\n<p>Nibh egestas dictumst cursus est turpis quis tincidunt pulvinar maecenas eget massa vel, ante nam blandit egestas enim id quis sit maecenas id nunc tempus auctor orci, enim imperdiet proin nibh mattis.<\/p>\n<\/div><\/div>\n<\/div><figure class=\"wp-block-media-text__media\"><img decoding=\"async\" src=\"http:\/\/circularknitlab.com\/wp-content\/themes\/astra\/inc\/assets\/images\/starter-content\/about-us.jpg\" alt=\"\" class=\"wp-image-237 size-full\"\/><\/figure><\/div>\n<\/div><\/div>\n\n\n\n<div class=\"wp-block-group alignfull has-ast-global-color-4-background-color has-background\" id=\"reviews\"><div class=\"wp-block-group__inner-container is-layout-constrained wp-container-core-group-is-layout-be8a1dfc wp-block-group-is-layout-constrained\"><div class=\"wp-block-image\">\n<figure class=\"aligncenter size-full\"><img decoding=\"async\" src=\"http:\/\/circularknitlab.com\/wp-content\/themes\/astra\/inc\/assets\/images\/starter-content\/avatar.png\" alt=\"\" class=\"wp-image-235\"\/><\/figure>\n<\/div>\n\n\n<p class=\"has-text-align-center\" style=\"font-size:22px;line-height:1.6\">\u201cThe best part is that Astra comes with hundreds of professionally designed templates for just about every industry, makes it super easy for non-techy users to build a website.\u201d<\/p>\n\n\n\n<p class=\"has-text-align-center\"><strong>Wade Warren<\/strong><\/p>\n<\/div><\/div>\n\n\n\n<div class=\"wp-block-group alignfull\" id=\"whyus\" style=\"padding-top:144px;padding-bottom:144px\"><div class=\"wp-block-group__inner-container is-layout-constrained wp-container-core-group-is-layout-360cd3be wp-block-group-is-layout-constrained\">\n<h2 class=\"wp-block-heading\">Why Choose Us<\/h2>\n\n\n\n<div class=\"wp-block-columns is-layout-flex wp-container-core-columns-is-layout-327a385a wp-block-columns-is-layout-flex\" style=\"margin-top:60px\">\n<div class=\"wp-block-column is-layout-flow wp-block-column-is-layout-flow\">\n<figure class=\"wp-block-image size-large\"><img decoding=\"async\" src=\"http:\/\/circularknitlab.com\/wp-content\/themes\/astra\/inc\/assets\/images\/starter-content\/passionate.svg\" alt=\"\" class=\"wp-image-162\"\/><\/figure>\n\n\n\n<h3 class=\"wp-block-heading\" style=\"margin-top:16px\">Passionate<\/h3>\n\n\n\n<p>Tempor ullamcorper urna, est, lectus amet sit tempor pretium mi sed morbi cras posuere sit ultrices bibendum augue sit ornare.<\/p>\n<\/div>\n\n\n\n<div class=\"wp-block-column is-layout-flow wp-block-column-is-layout-flow\">\n<figure class=\"wp-block-image size-large\"><img decoding=\"async\" src=\"http:\/\/circularknitlab.com\/wp-content\/themes\/astra\/inc\/assets\/images\/starter-content\/professional.svg\" alt=\"\" class=\"wp-image-163\"\/><\/figure>\n\n\n\n<h3 class=\"wp-block-heading\" style=\"margin-top:16px\">Professional<\/h3>\n\n\n\n<p>Tempor ullamcorper urna, est, lectus amet sit tempor pretium mi sed morbi cras posuere sit ultrices bibendum augue sit ornare.<\/p>\n<\/div>\n\n\n\n<div class=\"wp-block-column is-layout-flow wp-block-column-is-layout-flow\">\n<figure class=\"wp-block-image size-large\"><img decoding=\"async\" src=\"http:\/\/circularknitlab.com\/wp-content\/themes\/astra\/inc\/assets\/images\/starter-content\/support.svg\" alt=\"\" class=\"wp-image-164\"\/><\/figure>\n\n\n\n<h3 class=\"wp-block-heading\" style=\"margin-top:16px\">Support<\/h3>\n\n\n\n<p>Tempor ullamcorper urna, est, lectus amet sit tempor pretium mi sed morbi cras posuere sit ultrices bibendum augue sit ornare.<\/p>\n<\/div>\n<\/div>\n<\/div><\/div>\n\n\n\n<div class=\"wp-block-group alignfull has-background\" id=\"contact\" style=\"background:linear-gradient(35deg,rgb(6,0,151) 0%,rgb(130,4,255) 64%,rgb(193,15,255) 98%);padding-top:104px;padding-bottom:104px\"><div class=\"wp-block-group__inner-container is-layout-constrained wp-container-core-group-is-layout-7a1c33fc wp-block-group-is-layout-constrained\">\n<h2 class=\"wp-block-heading has-text-align-center has-text-color\" style=\"color:#ffffff\">Get a professional website today!<\/h2>\n\n\n\n<div class=\"wp-block-buttons alignwide is-horizontal is-content-justification-center is-layout-flex wp-container-core-buttons-is-layout-91318718 wp-block-buttons-is-layout-flex\" style=\"margin-top:50px\">\n<div class=\"wp-block-button\"><a class=\"wp-block-button__link wp-element-button\">Make a Website<\/a><\/div>\n<\/div>\n<\/div><\/div>\n\n\n\n<p><\/p>\n","protected":false},"excerpt":{"rendered":"<p>R\u00e9parer. R\u00e9inventer. Recycler. Fa\u00eetes r\u00e9parer vos pulls Tricoteuses partenaires Mode circulaire engag\u00e9e We help teams build the business of their dreams Et in risus egestas nec vitae odio ac nibh vestibulum volutpat aliquet aenean erat lobortis non. Nibh egestas dictumst cursus est turpis quis tincidunt pulvinar maecenas eget massa vel, ante nam blandit egestas enim [&hellip;]<\/p>\n","protected":false},"author":1,"featured_media":0,"parent":0,"menu_order":0,"comment_status":"closed","ping_status":"closed","template":"","meta":{"_coblocks_attr":"Montserrat","_coblocks_dimensions":"","_coblocks_responsive_height":"","_coblocks_accordion_ie_support":"","hide_page_title":"enabled","footnotes":""},"class_list":["post-8","page","type-page","status-publish","hentry"],"_links":{"self":[{"href":"https:\/\/circularknitlab.com\/index.php\/wp-json\/wp\/v2\/pages\/8","targetHints":{"allow":["GET"]}}],"collection":[{"href":"https:\/\/circularknitlab.com\/index.php\/wp-json\/wp\/v2\/pages"}],"about":[{"href":"https:\/\/circularknitlab.com\/index.php\/wp-json\/wp\/v2\/types\/page"}],"author":[{"embeddable":true,"href":"https:\/\/circularknitlab.com\/index.php\/wp-json\/wp\/v2\/users\/1"}],"replies":[{"embeddable":true,"href":"https:\/\/circularknitlab.com\/index.php\/wp-json\/wp\/v2\/comments?post=8"}],"version-history":[{"count":26,"href":"https:\/\/circularknitlab.com\/index.php\/wp-json\/wp\/v2\/pages\/8\/revisions"}],"predecessor-version":[{"id":89,"href":"https:\/\/circularknitlab.com\/index.php\/wp-json\/wp\/v2\/pages\/8\/revisions\/89"}],"wp:attachment":[{"href":"https:\/\/circularknitlab.com\/index.php\/wp-json\/wp\/v2\/media?parent=8"}],"curies":[{"name":"wp","href":"https:\/\/api.w.org\/{rel}","templated":true}]}}